{"id":159785,"date":"2026-02-23T20:40:26","date_gmt":"2026-02-23T20:40:26","guid":{"rendered":"https:\/\/on-motorradtechnik.de\/?page_id=159785"},"modified":"2026-04-27T18:46:50","modified_gmt":"2026-04-27T16:46:50","slug":"impressum","status":"publish","type":"page","link":"https:\/\/on-motorradtechnik.de\/index.php\/impressum\/","title":{"rendered":"Impressum"},"content":{"rendered":"<p>[vc_row][vc_column width=&#8220;1\/1&#8243;][vc_column_text uncode_shortcode_id=&#8220;183930&#8243;]<\/p>\n<h1 data-path-to-node=\"3\"><b data-path-to-node=\"3\" data-index-in-node=\"0\">Impressum<\/b><\/h1>\n<h2 data-path-to-node=\"4\"><b data-path-to-node=\"4\" data-index-in-node=\"0\">Angaben gem\u00e4\u00df \u00a7 5 DDG:<\/b><\/h2>\n<p data-path-to-node=\"5\">ON Motorradtechnik<br \/>\nEinzelunternehmen Inhaber: Ole Nicnerski Dyckerhoffstra\u00dfe 16<br \/>\n49176 Hilter a.T.W.<\/p>\n<h2 data-path-to-node=\"6\"><b data-path-to-node=\"6\" data-index-in-node=\"0\">Kontakt:<\/b><\/h2>\n<p data-path-to-node=\"6\">Telefon: 01520 9705609<br \/>\nE-Mail: info@on-motorradtechnik.de<\/p>\n<h2 data-path-to-node=\"7\"><b data-path-to-node=\"7\" data-index-in-node=\"0\">Berufsbezeichnung und berufsrechtliche Regelungen:<\/b><\/h2>\n<p data-path-to-node=\"7\">Berufsbezeichnung: Zweiradmechanikermeister Fachrichtung Motorradtechnik (verliehen in der Bundesrepublik Deutschland)<\/p>\n<p data-path-to-node=\"7\">Zust\u00e4ndige Kammer: Handwerkskammer Osnabr\u00fcck-Emsland-Grafschaft Bentheim, Bramscher Str. 134-136, 49088 Osnabr\u00fcck, Deutschland<\/p>\n<h2 data-path-to-node=\"8\"><b data-path-to-node=\"8\" data-index-in-node=\"0\">Umsatzsteuer-ID:<\/b><\/h2>\n<p data-path-to-node=\"8\">Umsatzsteuer-Identifikationsnummer gem\u00e4\u00df \u00a7 27 a Umsatzsteuergesetz: DE460263792<\/p>\n<h2 data-path-to-node=\"9\"><b data-path-to-node=\"9\" data-index-in-node=\"0\">EU-Streitschlichtung:<\/b><\/h2>\n<p data-path-to-node=\"9\">Die Europ\u00e4ische Kommission stellt eine Plattform zur Online-Streitbeilegung (OS) bereit: <a class=\"ng-star-inserted\" href=\"https:\/\/ec.europa.eu\/consumers\/odr\/\" target=\"_blank\" rel=\"noopener\" data-hveid=\"0\" data-ved=\"0CAAQ_4QMahcKEwjDibbhtvCSAxUAAAAAHQAAAAAQSg\">https:\/\/ec.europa.eu\/consumers\/odr\/<\/a>. Unsere E-Mail-Adresse finden Sie oben im Impressum.<\/p>\n<h2 data-path-to-node=\"10\"><b data-path-to-node=\"10\" data-index-in-node=\"0\">Verbraucherstreitbeilegung\/Universalschlichtungsstelle:<\/b><\/h2>\n<p data-path-to-node=\"10\">Wir sind nicht bereit oder verpflichtet, an Streitbeilegungsverfahren vor einer Verbraucherschlichtungsstelle teilzunehmen.<\/p>\n<p>[\/vc_column_text][\/vc_column][\/vc_row][vc_row row_height_percent=&#8220;0&#8243; override_padding=&#8220;yes&#8220; h_padding=&#8220;2&#8243; top_padding=&#8220;0&#8243; bottom_padding=&#8220;7&#8243; back_color=&#8220;color-rgdb&#8220; overlay_alpha=&#8220;100&#8243; gutter_size=&#8220;4&#8243; column_width_percent=&#8220;100&#8243; shift_y=&#8220;0&#8243; z_index=&#8220;0&#8243; content_parallax=&#8220;0&#8243; uncode_shortcode_id=&#8220;200544&#8243; back_color_type=&#8220;uncode-palette&#8220; css=&#8220;.vc_custom_1772102104298{padding-top: 150px !important;}&#8220;][vc_column column_width_percent=&#8220;100&#8243; position_horizontal=&#8220;left&#8220; gutter_size=&#8220;3&#8243; style=&#8220;dark&#8220; font_family=&#8220;font-846016&#8243; overlay_alpha=&#8220;100&#8243; shift_x=&#8220;0&#8243; shift_y=&#8220;0&#8243; shift_y_down=&#8220;0&#8243; z_index=&#8220;0&#8243; medium_width=&#8220;3&#8243; mobile_visibility=&#8220;yes&#8220; mobile_width=&#8220;0&#8243; zoom_width=&#8220;0&#8243; zoom_height=&#8220;0&#8243; width=&#8220;1\/3&#8243; uncode_shortcode_id=&#8220;298885&#8243;][vc_custom_heading heading_semantic=&#8220;h3&#8243; text_font=&#8220;font-846016&#8243; text_size=&#8220;h5&#8243; text_weight=&#8220;800&#8243; text_transform=&#8220;uppercase&#8220; text_space=&#8220;fontspace-781688&#8243; text_italic=&#8220;yes&#8220; separator_color=&#8220;yes&#8220; separator=&#8220;yes&#8220; sub_lead=&#8220;yes&#8220; sub_reduced=&#8220;yes&#8220; uncode_shortcode_id=&#8220;142989&#8243;]Komm vorbei[\/vc_custom_heading][vc_column_text uncode_shortcode_id=&#8220;466187&#8243;]<a href=\"https:\/\/maps.app.goo.gl\/w7hpLririWxcy7nJ9\">Dyckerhoffstra\u00dfe 16<br \/>\n49176 Hilter a.T.W.<\/a>[\/vc_column_text][\/vc_column][vc_column column_width_percent=&#8220;100&#8243; position_horizontal=&#8220;left&#8220; gutter_size=&#8220;3&#8243; style=&#8220;dark&#8220; font_family=&#8220;font-846016&#8243; overlay_alpha=&#8220;100&#8243; shift_x=&#8220;0&#8243; shift_y=&#8220;0&#8243; shift_y_down=&#8220;0&#8243; z_index=&#8220;0&#8243; medium_width=&#8220;3&#8243; align_mobile=&#8220;align_center_mobile&#8220; mobile_width=&#8220;0&#8243; zoom_width=&#8220;0&#8243; zoom_height=&#8220;0&#8243; width=&#8220;1\/3&#8243; uncode_shortcode_id=&#8220;240173&#8243;][vc_custom_heading heading_semantic=&#8220;h3&#8243; text_font=&#8220;font-846016&#8243; text_size=&#8220;h5&#8243; text_weight=&#8220;800&#8243; text_transform=&#8220;uppercase&#8220; text_space=&#8220;fontspace-781688&#8243; text_italic=&#8220;yes&#8220; separator_color=&#8220;yes&#8220; separator=&#8220;yes&#8220; sub_lead=&#8220;yes&#8220; sub_reduced=&#8220;yes&#8220; uncode_shortcode_id=&#8220;248952&#8243;]Rechtliches[\/vc_custom_heading][uncode_list icon=&#8220;fa fa-arrow-right3&#8243; uncode_shortcode_id=&#8220;127270&#8243;]<\/p>\n<ul>\n<li><a href=\"https:\/\/on-motorradtechnik.de\/index.php\/impressum\/\" rel=\"nofollow noopener\">Impressum<\/a><\/li>\n<li><a href=\"https:\/\/on-motorradtechnik.de\/index.php\/datenschutzerklaerung\/\" rel=\"nofollow noopener\">Datenschutzerkl\u00e4rung<\/a><\/li>\n<\/ul>\n<p>[\/uncode_list][\/vc_column][vc_column column_width_percent=&#8220;100&#8243; position_horizontal=&#8220;left&#8220; gutter_size=&#8220;3&#8243; style=&#8220;dark&#8220; font_family=&#8220;font-846016&#8243; overlay_alpha=&#8220;100&#8243; shift_x=&#8220;0&#8243; shift_y=&#8220;0&#8243; shift_y_down=&#8220;0&#8243; z_index=&#8220;0&#8243; medium_visibility=&#8220;yes&#8220; medium_width=&#8220;2&#8243; mobile_visibility=&#8220;yes&#8220; mobile_width=&#8220;0&#8243; zoom_width=&#8220;0&#8243; zoom_height=&#8220;0&#8243; width=&#8220;1\/3&#8243; uncode_shortcode_id=&#8220;536417&#8243;][vc_custom_heading heading_semantic=&#8220;h3&#8243; text_font=&#8220;font-846016&#8243; text_size=&#8220;h5&#8243; text_weight=&#8220;800&#8243; text_transform=&#8220;uppercase&#8220; text_space=&#8220;fontspace-781688&#8243; text_italic=&#8220;yes&#8220; separator_color=&#8220;yes&#8220; separator=&#8220;yes&#8220; sub_lead=&#8220;yes&#8220; sub_reduced=&#8220;yes&#8220; uncode_shortcode_id=&#8220;725056&#8243;]Kontakt[\/vc_custom_heading][vc_column_text uncode_shortcode_id=&#8220;952562&#8243;]<a href=\"mailto:info@on-motorradtechnik.de\">info@on-motorradtechnik.de<\/a><br \/>\n<a href=\"tel:+4915209705609\">+49 1520 9705609<\/a>[\/vc_column_text][\/vc_column][\/vc_row]<\/p>\n","protected":false},"excerpt":{"rendered":"<p>[vc_row][vc_column width=&#8220;1\/1&#8243;][vc_column_text uncode_shortcode_id=&#8220;183930&#8243;] Impressum Angaben gem\u00e4\u00df \u00a7 5 DDG: ON Motorradtechnik Einzelunternehmen Inhaber: Ole Nicnerski Dyckerhoffstra\u00dfe 16 49176 Hilter a.T.W. [&hellip;]<\/p>\n","protected":false},"author":1,"featured_media":0,"parent":0,"menu_order":0,"comment_status":"closed","ping_status":"closed","template":"","meta":{"footnotes":""},"class_list":["post-159785","page","type-page","status-publish","hentry"],"_links":{"self":[{"href":"https:\/\/on-motorradtechnik.de\/index.php\/wp-json\/wp\/v2\/pages\/159785","targetHints":{"allow":["GET"]}}],"collection":[{"href":"https:\/\/on-motorradtechnik.de\/index.php\/wp-json\/wp\/v2\/pages"}],"about":[{"href":"https:\/\/on-motorradtechnik.de\/index.php\/wp-json\/wp\/v2\/types\/page"}],"author":[{"embeddable":true,"href":"https:\/\/on-motorradtechnik.de\/index.php\/wp-json\/wp\/v2\/users\/1"}],"replies":[{"embeddable":true,"href":"https:\/\/on-motorradtechnik.de\/index.php\/wp-json\/wp\/v2\/comments?post=159785"}],"version-history":[{"count":5,"href":"https:\/\/on-motorradtechnik.de\/index.php\/wp-json\/wp\/v2\/pages\/159785\/revisions"}],"predecessor-version":[{"id":159898,"href":"https:\/\/on-motorradtechnik.de\/index.php\/wp-json\/wp\/v2\/pages\/159785\/revisions\/159898"}],"wp:attachment":[{"href":"https:\/\/on-motorradtechnik.de\/index.php\/wp-json\/wp\/v2\/media?parent=159785"}],"curies":[{"name":"wp","href":"https:\/\/api.w.org\/{rel}","templated":true}]}}